{"id":160,"date":"2018-02-20T20:20:49","date_gmt":"2018-02-20T19:20:49","guid":{"rendered":"http:\/\/www.pitsenegal.com\/?page_id=160"},"modified":"2019-04-02T15:47:42","modified_gmt":"2019-04-02T14:47:42","slug":"accueil","status":"publish","type":"page","link":"https:\/\/www.pitsenegal.com\/","title":{"rendered":"Accueil"},"content":{"rendered":"<div><\/div>\n<div><\/div>\n<h5><a href=\"http:\/\/www.pitsenegal.com\/wp-content\/uploads\/2018\/03\/IMG-20180303-WA0222.jpg\"><img decoding=\"async\" loading=\"lazy\" class=\" wp-image-165 alignleft\" src=\"http:\/\/www.pitsenegal.com\/wp-content\/uploads\/2018\/03\/IMG-20180303-WA0222-300x199.jpg\" alt=\"\" width=\"107\" height=\"71\" srcset=\"https:\/\/www.pitsenegal.com\/wp-content\/uploads\/2018\/03\/IMG-20180303-WA0222-300x199.jpg 300w, https:\/\/www.pitsenegal.com\/wp-content\/uploads\/2018\/03\/IMG-20180303-WA0222-768x510.jpg 768w, https:\/\/www.pitsenegal.com\/wp-content\/uploads\/2018\/03\/IMG-20180303-WA0222-1024x680.jpg 1024w, https:\/\/www.pitsenegal.com\/wp-content\/uploads\/2018\/03\/IMG-20180303-WA0222.jpg 1045w\" sizes=\"(max-width: 107px) 100vw, 107px\" \/><\/a>Il est fond\u00e9, entre les adh\u00e9rents appel\u00e9s membres fondateurs aux pr\u00e9sents statuts, un Mouvement Citoyen, r\u00e9gi par la loi du 1er juillet 1901 et le d\u00e9cret du 16 ao\u00fbt 1901, ayant pour d\u00e9nomination : <strong>Mon pays, Mon peuple (Sama Reew, Sama Askan)<\/strong>.<\/h5>\n<h5>Des objectifs ambitieux :<\/h5>\n<ul>\n<li>\n<h5>Soutenir tous projets humanitaires que le comit\u00e9, ou qu&rsquo;un membre de l&rsquo;association aura propos\u00e9s et accept\u00e9s par l&rsquo;Assembl\u00e9e G\u00e9n\u00e9rale ;<\/h5>\n<\/li>\n<li>\n<h5>Lutter contre l&rsquo;\u00e9migration clandestine des jeunes en les assistant au niveau des formations et aide \u00e0 des projets locaux pour un d\u00e9veloppement durable,<\/h5>\n<\/li>\n<li>\n<h5>Lutter contre les d\u00e9perditions scolaires par un syst\u00e8me de parrainage des enfants issus de familles modestes.<\/h5>\n<\/li>\n<\/ul>\n","protected":false},"excerpt":{"rendered":"<p>Il est fond\u00e9, entre les adh\u00e9rents appel\u00e9s membres fondateurs aux pr\u00e9sents statuts, un Mouvement Citoyen, r\u00e9gi par la loi du 1er juillet 1901 et le d\u00e9cret du 16 ao\u00fbt 1901, ayant pour d\u00e9nomination : Mon pays, Mon peuple (Sama Reew, Sama Askan). Des objectifs ambitieux : Soutenir tous projets humanitaires que le comit\u00e9, ou qu&rsquo;un [&hellip;]<\/p>\n","protected":false},"author":1,"featured_media":0,"parent":0,"menu_order":0,"comment_status":"closed","ping_status":"closed","template":"","meta":{"footnotes":""},"_links":{"self":[{"href":"https:\/\/www.pitsenegal.com\/index.php\/wp-json\/wp\/v2\/pages\/160"}],"collection":[{"href":"https:\/\/www.pitsenegal.com\/index.php\/wp-json\/wp\/v2\/pages"}],"about":[{"href":"https:\/\/www.pitsenegal.com\/index.php\/wp-json\/wp\/v2\/types\/page"}],"author":[{"embeddable":true,"href":"https:\/\/www.pitsenegal.com\/index.php\/wp-json\/wp\/v2\/users\/1"}],"replies":[{"embeddable":true,"href":"https:\/\/www.pitsenegal.com\/index.php\/wp-json\/wp\/v2\/comments?post=160"}],"version-history":[{"count":6,"href":"https:\/\/www.pitsenegal.com\/index.php\/wp-json\/wp\/v2\/pages\/160\/revisions"}],"predecessor-version":[{"id":267,"href":"https:\/\/www.pitsenegal.com\/index.php\/wp-json\/wp\/v2\/pages\/160\/revisions\/267"}],"wp:attachment":[{"href":"https:\/\/www.pitsenegal.com\/index.php\/wp-json\/wp\/v2\/media?parent=160"}],"curies":[{"name":"wp","href":"https:\/\/api.w.org\/{rel}","templated":true}]}}