{"id":2,"date":"2015-11-06T15:31:48","date_gmt":"2015-11-06T14:31:48","guid":{"rendered":"http:\/\/www.pitsenegal.com\/?page_id=2"},"modified":"2019-04-11T17:45:45","modified_gmt":"2019-04-11T16:45:45","slug":"qui_sommes_nous","status":"publish","type":"page","link":"https:\/\/www.pitsenegal.com\/index.php\/qui_sommes_nous\/","title":{"rendered":"Qui sommes nous ?"},"content":{"rendered":"<header><strong>Mouvement Citoyen \u00ab\u00a0Mon Pays, Mon Peuple !\u00a0\u00bb<\/strong><\/header>\n<header><\/header>\n<header><a href=\"http:\/\/www.pitsenegal.com\/wp-content\/uploads\/2018\/03\/IMG-20180303-WA0222.jpg\"><img decoding=\"async\" loading=\"lazy\" class=\" wp-image-165 alignleft\" src=\"http:\/\/www.pitsenegal.com\/wp-content\/uploads\/2018\/03\/IMG-20180303-WA0222-300x199.jpg\" alt=\"\" width=\"132\" height=\"88\" srcset=\"https:\/\/www.pitsenegal.com\/wp-content\/uploads\/2018\/03\/IMG-20180303-WA0222-300x199.jpg 300w, https:\/\/www.pitsenegal.com\/wp-content\/uploads\/2018\/03\/IMG-20180303-WA0222-768x510.jpg 768w, https:\/\/www.pitsenegal.com\/wp-content\/uploads\/2018\/03\/IMG-20180303-WA0222-1024x680.jpg 1024w, https:\/\/www.pitsenegal.com\/wp-content\/uploads\/2018\/03\/IMG-20180303-WA0222.jpg 1045w\" sizes=\"(max-width: 132px) 100vw, 132px\" \/><\/a>Il est fond\u00e9, entre les adh\u00e9rents appel\u00e9s membres fondateurs aux pr\u00e9sents statuts, une Association Citoyenne r\u00e9gie par la loi du 1er juillet 1901 et le d\u00e9cret du 16 ao\u00fbt 1901, ayant pour d\u00e9nomination : <strong>Mon pays, Mon peuple (Sama Reew, Sama Askan)<\/strong>.Ce Mouvement a pour buts :<\/p>\n<ul>\n<li>Soutenir tous projets humanitaires que le comit\u00e9, ou qu&rsquo;un membre de l&rsquo;association aura propos\u00e9s et accept\u00e9s par l&rsquo;Assembl\u00e9e G\u00e9n\u00e9rale ;<\/li>\n<li>Lutter contre l&rsquo;\u00e9migration clandestine des jeunes en les assistant au niveau des formations et aide \u00e0 des projets locaux pour un d\u00e9veloppement durable,<\/li>\n<li>Lutter contre les d\u00e9perditions scolaires par un syst\u00e8me de parrainage des enfants issus de familles modestes.<\/li>\n<\/ul>\n<hr \/>\n<hr \/>\n<p><strong>Adresse<\/strong>\u00a0 : Mon Pays, Mon Peuple, 805 Rue du Hameau Burnel, 50110 Cherbourg-en-Cotentin<\/p>\n<p><strong>courriel<\/strong> : monpaysmonpeuple@gmail.com<\/p>\n<\/header>\n<p><!--more--><\/p>\n","protected":false},"excerpt":{"rendered":"<p>Mouvement Citoyen \u00ab\u00a0Mon Pays, Mon Peuple !\u00a0\u00bb Il est fond\u00e9, entre les adh\u00e9rents appel\u00e9s membres fondateurs aux pr\u00e9sents statuts, une Association Citoyenne r\u00e9gie par la loi du 1er juillet 1901 et le d\u00e9cret du 16 ao\u00fbt 1901, ayant pour d\u00e9nomination : Mon pays, Mon peuple (Sama Reew, Sama Askan).Ce Mouvement a pour buts : Soutenir [&hellip;]<\/p>\n","protected":false},"author":1,"featured_media":62,"parent":0,"menu_order":0,"comment_status":"closed","ping_status":"open","template":"","meta":{"footnotes":""},"_links":{"self":[{"href":"https:\/\/www.pitsenegal.com\/index.php\/wp-json\/wp\/v2\/pages\/2"}],"collection":[{"href":"https:\/\/www.pitsenegal.com\/index.php\/wp-json\/wp\/v2\/pages"}],"about":[{"href":"https:\/\/www.pitsenegal.com\/index.php\/wp-json\/wp\/v2\/types\/page"}],"author":[{"embeddable":true,"href":"https:\/\/www.pitsenegal.com\/index.php\/wp-json\/wp\/v2\/users\/1"}],"replies":[{"embeddable":true,"href":"https:\/\/www.pitsenegal.com\/index.php\/wp-json\/wp\/v2\/comments?post=2"}],"version-history":[{"count":14,"href":"https:\/\/www.pitsenegal.com\/index.php\/wp-json\/wp\/v2\/pages\/2\/revisions"}],"predecessor-version":[{"id":269,"href":"https:\/\/www.pitsenegal.com\/index.php\/wp-json\/wp\/v2\/pages\/2\/revisions\/269"}],"wp:featuredmedia":[{"embeddable":true,"href":"https:\/\/www.pitsenegal.com\/index.php\/wp-json\/wp\/v2\/media\/62"}],"wp:attachment":[{"href":"https:\/\/www.pitsenegal.com\/index.php\/wp-json\/wp\/v2\/media?parent=2"}],"curies":[{"name":"wp","href":"https:\/\/api.w.org\/{rel}","templated":true}]}}